{"id":7,"date":"2023-02-03T07:58:35","date_gmt":"2023-02-03T07:58:35","guid":{"rendered":"https:\/\/eisbahn-verleih.de\/?page_id=7"},"modified":"2023-02-03T15:27:24","modified_gmt":"2023-02-03T15:27:24","slug":"miete-deine-oeko-eisbahn","status":"publish","type":"page","link":"https:\/\/eisbahn-verleih.de\/","title":{"rendered":"Miete Deine Eisbahn!"},"content":{"rendered":"<p>Unser Angebot richtet sich an Interessenten, die lieber mieten statt kaufen m\u00f6chten: An Betreiber von Eisbahnen, an Kommunen, die ihren Jahrmarkt, ihren Weihnachtsmarkt oder ein beliebiges Event mit einer Eisbahn attraktiver gestalten m\u00f6chten sowie an Unternehmen, Sportvereine und Privatpersonen, die Interesse daran haben, tempor\u00e4r eine Eisbahn zu betreiben. Durch die speziellen Kunststoffplatten, in die ein Gleitmittel eingebracht ist, kann unsere Eisbahn das ganze Jahr \u00fcber genutzt werden, in <strong>Fr\u00fchling<\/strong>, <strong>Sommer<\/strong>, <strong>Herbst<\/strong> und <strong>Winter<\/strong>. \u00a0Obendrein kommt sie ohne zus\u00e4tzliche Energie(-kosten) aus.<\/p>\n<p>Wir liefern die (\u00d6ko-)Eisbahn sozusagen schl\u00fcsselfertig und unterst\u00fctzen Sie gerne bei der Planung ihres Projekts.<\/p>\n<p><img decoding=\"async\" src=\"https:\/\/eisbahn-verleih.de\/wp-content\/uploads\/2023\/01\/Bild3-1024x579.jpg\" alt=\"Dieses Bild hat ein leeres Alt-Attribut. Der Dateiname ist Bild3-1024x579.jpg\" \/><\/p>\n<p>\u00a0<\/p>\n<p>Neben der reinen Eisbahn und deren Aufbau erhalten Sie bei uns auf Wunsch folgende Leistungen:<\/p>\n<ul>\n<li><img decoding=\"async\" loading=\"lazy\" class=\"wp-image-14 alignright\" src=\"https:\/\/eisbahn-verleih.de\/wp-content\/uploads\/2023\/01\/Bild4-300x129.jpg\" alt=\"\" width=\"472\" height=\"203\" srcset=\"https:\/\/eisbahn-verleih.de\/wp-content\/uploads\/2023\/01\/Bild4-300x129.jpg 300w, https:\/\/eisbahn-verleih.de\/wp-content\/uploads\/2023\/01\/Bild4-1024x441.jpg 1024w, https:\/\/eisbahn-verleih.de\/wp-content\/uploads\/2023\/01\/Bild4-768x331.jpg 768w, https:\/\/eisbahn-verleih.de\/wp-content\/uploads\/2023\/01\/Bild4.jpg 1147w\" sizes=\"(max-width: 472px) 100vw, 472px\" \/>Individuelle Planung der Eisbahn bis zu einer Fl\u00e4che von 15 m x 20 m (300 m\u00b2), schl\u00fcsselfertig inklusive Bande<\/li>\n<li>Schlittschuhe (inkl. Schleifmaschine)<\/li>\n<li>Fahrhilfen<\/li>\n<li>Eishockeytore und -Schl\u00e4ger<\/li>\n<li>Projektplanung<\/li>\n<\/ul>\n<p>\u00a0<\/p>\n<p>Kontaktieren Sie uns unverbindlich unter<\/p>\n<p><span style=\"color: #993366;\">info@eisbahn-verleih.de<\/span><\/p>\n<p>und stellen Sie uns Ihr Projekt vor. Wir unterst\u00fctzen Sie gerne.<\/p>\n<h1 class=\"wp-block wp-block-post-title block-editor-block-list__block editor-post-title editor-post-title__input rich-text is-selected\" role=\"textbox\" contenteditable=\"true\" aria-label=\"Titel hier eingeben\" aria-multiline=\"true\">www.Eisbahn-Verleih.de<\/h1>\n\n\n<figure class=\"wp-block-image size-large\"><img decoding=\"async\" loading=\"lazy\" width=\"1024\" height=\"751\" src=\"https:\/\/eisbahn-verleih.de\/wp-content\/uploads\/2023\/01\/Bild2-1024x751.jpg\" alt=\"\" class=\"wp-image-12\" srcset=\"https:\/\/eisbahn-verleih.de\/wp-content\/uploads\/2023\/01\/Bild2-1024x751.jpg 1024w, https:\/\/eisbahn-verleih.de\/wp-content\/uploads\/2023\/01\/Bild2-300x220.jpg 300w, https:\/\/eisbahn-verleih.de\/wp-content\/uploads\/2023\/01\/Bild2-768x563.jpg 768w, https:\/\/eisbahn-verleih.de\/wp-content\/uploads\/2023\/01\/Bild2.jpg 1125w\" sizes=\"(max-width: 1024px) 100vw, 1024px\" \/><figcaption class=\"wp-element-caption\">www.eisbahn-verleih.de<\/figcaption><\/figure>\n\n\n\n<figure class=\"wp-block-image size-full\"><img decoding=\"async\" loading=\"lazy\" width=\"887\" height=\"450\" src=\"https:\/\/eisbahn-verleih.de\/wp-content\/uploads\/2023\/01\/Bild1.jpg\" alt=\"\" class=\"wp-image-11\" srcset=\"https:\/\/eisbahn-verleih.de\/wp-content\/uploads\/2023\/01\/Bild1.jpg 887w, https:\/\/eisbahn-verleih.de\/wp-content\/uploads\/2023\/01\/Bild1-300x152.jpg 300w, https:\/\/eisbahn-verleih.de\/wp-content\/uploads\/2023\/01\/Bild1-768x390.jpg 768w\" sizes=\"(max-width: 887px) 100vw, 887px\" \/><figcaption class=\"wp-element-caption\">www.eisbahn-verleih.de<\/figcaption><\/figure>\n\n\n\n<figure class=\"wp-block-image size-large\"><img decoding=\"async\" loading=\"lazy\" width=\"1024\" height=\"768\" src=\"https:\/\/eisbahn-verleih.de\/wp-content\/uploads\/2023\/01\/Bild5-1024x768.jpg\" alt=\"\" class=\"wp-image-34\" srcset=\"https:\/\/eisbahn-verleih.de\/wp-content\/uploads\/2023\/01\/Bild5-1024x768.jpg 1024w, https:\/\/eisbahn-verleih.de\/wp-content\/uploads\/2023\/01\/Bild5-300x225.jpg 300w, https:\/\/eisbahn-verleih.de\/wp-content\/uploads\/2023\/01\/Bild5-768x576.jpg 768w, https:\/\/eisbahn-verleih.de\/wp-content\/uploads\/2023\/01\/Bild5-1536x1152.jpg 1536w, https:\/\/eisbahn-verleih.de\/wp-content\/uploads\/2023\/01\/Bild5-2048x1536.jpg 2048w\" sizes=\"(max-width: 1024px) 100vw, 1024px\" \/><figcaption class=\"wp-element-caption\">www.eisbahn-verleih.de<\/figcaption><\/figure>\n\n\n<p>\u00a0<\/p>\n<p>\u00a0<\/p>\n<p>\u00a0<\/p>\n<p>\u00a0<\/p>\n<p>\u00a0<\/p>\n<p>\u00a0<\/p>\n<p>\u00a0<\/p>\n<p>\u00a0<\/p>\n<p><strong>Impressum<\/strong><br \/>Angaben gem\u00e4\u00df \u00a75 TMG<\/p>\n<p><strong>Herausgeber:<\/strong><br \/>Ring Maschinenbau GmbH<br \/>Blocksbergstra\u00dfe 151<br \/>66955 Pirmasens<\/p>\n<p>Tel: +49 6331 5181-0<br \/>Fax: +49 6331 92422<\/p>\n<p>(Eingetragen im Handelsregister des Amtgerichts Zweibr\u00fccken, HRB 23530)<\/p>\n<p><strong>Gesch\u00e4ftsf\u00fchrer:<\/strong><br \/>Andreas Ring<br \/>Matthias Ring<br \/>Jennifer Ring<\/p>\n<p><strong>Umsatzsteuer-Identifikationsnummer<\/strong><br \/>gem\u00e4\u00df \u00a727a Umsatzsteuergersetz: DE 223315327<\/p>\n<p><strong>Social Media Pr\u00e4senzen:<\/strong><br \/>Dieses Impressum gilt auch f\u00fcr unsere Facebook-Pr\u00e4senz, unseren YouTube-Channel, und unser Twitter-Profil.<\/p>\n<p>Wir \u00fcbernehmen keinerlei Gew\u00e4hr f\u00fcr die Aktualit\u00e4t, Korrektheit, Vollst\u00e4ndigkeit oder Qualit\u00e4t der bereitgestellten Informationen. Haftungsanspr\u00fcche gegen uns, welche sich auf Sch\u00e4den materieller oder ideeller Art beziehen, die durch die Nutzung oder Nichtnutzung der dargebotenen Informationen bzw. durch die Nutzung fehlerhafter und unvollst\u00e4ndiger Informationen verursacht wurden, sind grunds\u00e4tzlich ausgeschlossen, sofern seitens der Autoren kein nachweislich vors\u00e4tzliches oder grob fahrl\u00e4ssiges Verschulden vorliegt.<\/p>\n<p>Alle Angebote sind freibleibend und unverbindlich. Wir behalten uns ausdr\u00fccklich vor, Teile der Seiten oder das gesamte Angebot ohne gesonderte Ank\u00fcndigung zu ver\u00e4ndern, zu erg\u00e4nzen, zu l\u00f6schen oder die Ver\u00f6ffentlichung zeitweise oder endg\u00fcltig einzustellen.<\/p>\n<p><strong>2. Verweise und Links<\/strong><br \/>Bei direkten oder indirekten Verweisen auf fremde Internetseiten(\u201eLinks\u201c), die au\u00dferhalb des Verantwortungsbereiches unseres Angebots liegen, w\u00fcrde eine Haftungsverpflichtung ausschlie\u00dflich in dem Fall in Kraft treten, in dem die Autoren von den Inhalten Kenntnis haben und es ihm technisch m\u00f6glich und zumutbar w\u00e4re, die Nutzung im Falle rechtswidriger Inhalte zu verhindern.<br \/>Wir erkl\u00e4ren hiermit, dass zum Zeitpunkt der Linksetzung keine illegalen Inhalte auf den zu verlinkenden Seite erkennbar waren. Auf die aktuelle und zuk\u00fcnftige Gestaltung, der Inhalte oder die Urheberschaft der gelinkten\/verkn\u00fcpften Seiten haben wir keinerlei Einfluss. Deshalb distanzieren wir uns hiermit ausdr\u00fccklich von allen Inhalten aller gelinkten\/verkn\u00fcpften Seiten. Diese Feststellung gilt f\u00fcr alle innerhalb unseres Internetangebotes gesetzten Links und Verweise sowie f\u00fcr Fremdeintr\u00e4ge in unserem G\u00e4stebuch, Diskussionsforum und Markangebote.<\/p>\n<p><strong>3. Datenschutz<\/strong><br \/>Sofern innerhalb des Internetangebotes die M\u00f6glichkeit zur Eingabe pers\u00f6nlicher oder gesch\u00e4ftlicher Daten (Emailadressen, Namen, Anschriften) besteht, so erfolgt die Preisgabe dieser Daten seitens des Nutzers auf ausdr\u00fccklich freiwilliger Basis.<br \/>Wir garantieren, dass wir pers\u00f6nliche Daten nicht an Dritte weitergeben.<\/p>\n<p><strong>4. Urheber- und Kennzeichnungspflicht<\/strong><br \/>Wir sind bestrebt, in allen Publikationen die Urheberrechte der verwendeten Grafiken und Texte zu beachten, von uns selbst erstellte Grafiken und Texte zu nutzen oder auf lizenzfreie Grafiken und Texte zur\u00fcckzugreifen.<br \/>Alle innerhalb des Internetangebotes genannten und ggf. durch Dritte gesch\u00fctzten Marken- und Warenzeichen unterliegen uneingeschr\u00e4nkt den Bestimmungen des jeweils g\u00fcltigen Kennzeichenrechts und den Besitzrechten der jeweiligen eingetragenen Eigent\u00fcmer. Allein aufgrund der blo\u00dfen Nennung ist nicht der Schluss zu ziehen, dass Markenzeichen nicht durch Rechte Dritter gesch\u00fctzt sind!<\/p>\n<p>Das Copyright f\u00fcr ver\u00f6ffentlichte, von uns selbst erstellte Objekte bleibt alleine bei uns. Eine Vervielf\u00e4lltigung oder Verwendung solcher Grafiken und Texte in anderen elektronischen oder gedruckten Publikationen ist bei kommerziellen Anbietern ohne unsere ausdr\u00fcckliche Zustimmung nicht gestattet. Nichtkommerzielle Anbieter k\u00f6nnen unter Quellen-Angaben die Texte frei verwenden.<\/p>","protected":false},"excerpt":{"rendered":"<p>Unser Angebot richtet sich an Interessenten, die lieber mieten statt kaufen m\u00f6chten: An Betreiber von Eisbahnen, an Kommunen, die ihren Jahrmarkt, ihren Weihnachtsmarkt oder ein beliebiges Event mit einer Eisbahn attraktiver gestalten m\u00f6chten sowie an Unternehmen, Sportvereine und Privatpersonen, die Interesse daran haben, tempor\u00e4r eine Eisbahn zu betreiben. Durch die speziellen Kunststoffplatten, in die ein [&hellip;]<\/p>\n","protected":false},"author":1,"featured_media":0,"parent":0,"menu_order":0,"comment_status":"closed","ping_status":"closed","template":"","meta":[],"_links":{"self":[{"href":"https:\/\/eisbahn-verleih.de\/index.php?rest_route=\/wp\/v2\/pages\/7"}],"collection":[{"href":"https:\/\/eisbahn-verleih.de\/index.php?rest_route=\/wp\/v2\/pages"}],"about":[{"href":"https:\/\/eisbahn-verleih.de\/index.php?rest_route=\/wp\/v2\/types\/page"}],"author":[{"embeddable":true,"href":"https:\/\/eisbahn-verleih.de\/index.php?rest_route=\/wp\/v2\/users\/1"}],"replies":[{"embeddable":true,"href":"https:\/\/eisbahn-verleih.de\/index.php?rest_route=%2Fwp%2Fv2%2Fcomments&post=7"}],"version-history":[{"count":33,"href":"https:\/\/eisbahn-verleih.de\/index.php?rest_route=\/wp\/v2\/pages\/7\/revisions"}],"predecessor-version":[{"id":57,"href":"https:\/\/eisbahn-verleih.de\/index.php?rest_route=\/wp\/v2\/pages\/7\/revisions\/57"}],"wp:attachment":[{"href":"https:\/\/eisbahn-verleih.de\/index.php?rest_route=%2Fwp%2Fv2%2Fmedia&parent=7"}],"curies":[{"name":"wp","href":"https:\/\/api.w.org\/{rel}","templated":true}]}}